{"id":15913,"date":"2024-08-13T12:50:49","date_gmt":"2024-08-13T10:50:49","guid":{"rendered":"https:\/\/airplantshop.nl\/?post_type=product&#038;p=15913"},"modified":"2026-04-01T12:26:14","modified_gmt":"2026-04-01T10:26:14","slug":"diy-boomstronk-met-tillandsias","status":"publish","type":"product","link":"https:\/\/airplantshop.nl\/de\/product\/diy-boomstronk-met-tillandsias\/","title":{"rendered":"DIY: Baumstumpf mit Tillandsien"},"content":{"rendered":"<p>Dies ist ein echter Hingucker f\u00fcr jedes Wohnzimmer oder B\u00fcro.<br \/>\nZum Befestigen der Pflanzen erhalten Sie Dr\u00e4hte und zus\u00e4tzlich erhalten Sie eine Tube Kleber (s\u00e4urefrei, wasserfest), um die Pflanzen oder die Deko auf Wunsch auch selbst festkleben zu k\u00f6nnen.<\/p>\n<p>The tree stump is about 40 cm long and we make a nice mix of plants that we supply with it.<\/p>\n<ul>\n<li>Tillandsia ionantha rubra (medium)<\/li>\n<li>Tillandsia ionantha (medium)<\/li>\n<li>Tillandsia multiflora of Tillandsia Capitata<\/li>\n<li>Tillandsia Argentea XL<\/li>\n<li>Tube Kleber<\/li>\n<li>Diverse decoratiematerialen zoals een denne-appel, schelpjes en gekleurd mos.<\/li>\n<\/ul>\n<p><strong>Sie k\u00f6nnen w\u00e4hlen, ob Sie einen braunen Baumstumpf oder einen wei\u00df get\u00fcnchten Baumstumpf m\u00f6chten.<\/strong><\/p>\n<p class=\"p1\"><b>Ma\u00dfe:<\/b> etwa 40 Zentimeter<\/p>\n<p class=\"p1\"><b>Pflege: <\/b>Bespr\u00fchen Sie die Luftpflanze ein- bis zweimal pro Woche mit Regenwasser oder unserem N\u00e4hrstoffspray. Stellen Sie sicher, dass die Luftpflanze gen\u00fcgend indirektes Sonnenlicht und frische Luft bekommt.<\/p>\n<p class=\"p1\"><b>Achtung:<\/b> Jede Luftpflanze ist einzigartig, daher kann die bestellte Pflanze leicht von der Luftpflanze auf dem Foto abweichen.<\/p>","protected":false},"excerpt":{"rendered":"<p>In dit leuke DIY pakket vind je alle benodigdheden om de boomstronk aan te kleden. Een echte eye-catcher voor in huis of op kantoor!<\/p>","protected":false},"featured_media":15914,"comment_status":"open","ping_status":"closed","template":"","meta":{"_acf_changed":false,"rs_blank_template":"","rs_page_bg_color":"","slide_template_v7":""},"product_brand":[],"product_cat":[164,162],"product_tag":[],"class_list":{"0":"post-15913","1":"product","2":"type-product","3":"status-publish","4":"has-post-thumbnail","6":"product_cat-diy","7":"product_cat-cadeaus","9":"first","10":"instock","11":"taxable","12":"shipping-taxable","13":"purchasable","14":"product-type-variable","15":"add-to-wishlist-after_add_to_cart"},"acf":[],"_links":{"self":[{"href":"https:\/\/airplantshop.nl\/de\/wp-json\/wp\/v2\/product\/15913","targetHints":{"allow":["GET"]}}],"collection":[{"href":"https:\/\/airplantshop.nl\/de\/wp-json\/wp\/v2\/product"}],"about":[{"href":"https:\/\/airplantshop.nl\/de\/wp-json\/wp\/v2\/types\/product"}],"replies":[{"embeddable":true,"href":"https:\/\/airplantshop.nl\/de\/wp-json\/wp\/v2\/comments?post=15913"}],"wp:featuredmedia":[{"embeddable":true,"href":"https:\/\/airplantshop.nl\/de\/wp-json\/wp\/v2\/media\/15914"}],"wp:attachment":[{"href":"https:\/\/airplantshop.nl\/de\/wp-json\/wp\/v2\/media?parent=15913"}],"wp:term":[{"taxonomy":"product_brand","embeddable":true,"href":"https:\/\/airplantshop.nl\/de\/wp-json\/wp\/v2\/product_brand?post=15913"},{"taxonomy":"product_cat","embeddable":true,"href":"https:\/\/airplantshop.nl\/de\/wp-json\/wp\/v2\/product_cat?post=15913"},{"taxonomy":"product_tag","embeddable":true,"href":"https:\/\/airplantshop.nl\/de\/wp-json\/wp\/v2\/product_tag?post=15913"}],"curies":[{"name":"wp","href":"https:\/\/api.w.org\/{rel}","templated":true}]}}