{"id":15918,"date":"2024-08-15T09:49:42","date_gmt":"2024-08-15T07:49:42","guid":{"rendered":"https:\/\/airplantshop.nl\/?post_type=product&#038;p=15918"},"modified":"2026-03-23T23:18:20","modified_gmt":"2026-03-23T22:18:20","slug":"kokodama-pot-met-tillandsia-capitata-xl","status":"publish","type":"product","link":"https:\/\/airplantshop.nl\/de\/product\/kokodama-pot-met-tillandsia-capitata-xl\/","title":{"rendered":"Kokodama-Topf mit Tillandsia Capitata XL"},"content":{"rendered":"<p>Dieser Topf aus Kokosfasern ist von der Marke Kokodama und ist mit einer Tillandsia Capitata gef\u00fcllt. Die Kokosfaser-T\u00f6pfe kommen aus Sri Lanka und bestehen zu 99 % aus Kokosn\u00fcssen\/Fasern. Damit die Pflanze aufrecht steht, verwenden wir Spanisches Moos als F\u00fcllmaterial.<\/p>\n<p class=\"p1\"><b>Ma\u00dfe: <\/b>Der Topf ist etwa 10 Zentimeter hoch und hat einen Durchmesser von 9 Zentimetern<\/p>\n<p class=\"p1\"><b>Pflege: <\/b>Bespr\u00fchen Sie die Luftpflanze ein- bis zweimal pro Woche mit Regenwasser oder unserem N\u00e4hrstoffspray. Stellen Sie sicher, dass die Luftpflanze gen\u00fcgend indirektes Sonnenlicht und frische Luft bekommt.<\/p>\n<p class=\"p1\"><b>Achtung:<\/b> Jede Luftpflanze ist einzigartig, daher kann die bestellte Pflanze leicht von der Luftpflanze auf dem Foto abweichen.<\/p>\n<p>&nbsp;<\/p>","protected":false},"excerpt":{"rendered":"<p>Dieser Topf aus Kokosfasern ist von der Marke Kokodama und ist mit einer Tillandsia Capitata gef\u00fcllt. Die Kokosfaser-T\u00f6pfe kommen aus Sri Lanka und bestehen zu 99 % aus Kokosn\u00fcssen\/Fasern.<\/p>","protected":false},"featured_media":15919,"comment_status":"open","ping_status":"closed","template":"","meta":{"_acf_changed":false,"rs_blank_template":"","rs_page_bg_color":"","slide_template_v7":""},"product_brand":[],"product_cat":[153],"product_tag":[],"class_list":{"0":"post-15918","1":"product","2":"type-product","3":"status-publish","4":"has-post-thumbnail","6":"product_cat-accessoires-2","8":"first","9":"outofstock","10":"taxable","11":"shipping-taxable","12":"purchasable","13":"product-type-simple","14":"add-to-wishlist-after_add_to_cart"},"acf":[],"_links":{"self":[{"href":"https:\/\/airplantshop.nl\/de\/wp-json\/wp\/v2\/product\/15918","targetHints":{"allow":["GET"]}}],"collection":[{"href":"https:\/\/airplantshop.nl\/de\/wp-json\/wp\/v2\/product"}],"about":[{"href":"https:\/\/airplantshop.nl\/de\/wp-json\/wp\/v2\/types\/product"}],"replies":[{"embeddable":true,"href":"https:\/\/airplantshop.nl\/de\/wp-json\/wp\/v2\/comments?post=15918"}],"wp:featuredmedia":[{"embeddable":true,"href":"https:\/\/airplantshop.nl\/de\/wp-json\/wp\/v2\/media\/15919"}],"wp:attachment":[{"href":"https:\/\/airplantshop.nl\/de\/wp-json\/wp\/v2\/media?parent=15918"}],"wp:term":[{"taxonomy":"product_brand","embeddable":true,"href":"https:\/\/airplantshop.nl\/de\/wp-json\/wp\/v2\/product_brand?post=15918"},{"taxonomy":"product_cat","embeddable":true,"href":"https:\/\/airplantshop.nl\/de\/wp-json\/wp\/v2\/product_cat?post=15918"},{"taxonomy":"product_tag","embeddable":true,"href":"https:\/\/airplantshop.nl\/de\/wp-json\/wp\/v2\/product_tag?post=15918"}],"curies":[{"name":"wp","href":"https:\/\/api.w.org\/{rel}","templated":true}]}}