{"id":15920,"date":"2024-08-15T10:00:14","date_gmt":"2024-08-15T08:00:14","guid":{"rendered":"https:\/\/airplantshop.nl\/?post_type=product&#038;p=15920"},"modified":"2026-03-09T08:32:39","modified_gmt":"2026-03-09T07:32:39","slug":"brons-potje-met-airplant","status":"publish","type":"product","link":"https:\/\/airplantshop.nl\/de\/product\/brons-potje-met-airplant\/","title":{"rendered":"Bronzetopf mit Luftpflanze"},"content":{"rendered":"<p>Dieser h\u00fcbsche bronzene Topf mit Luftpflanze ist ein nettes kleines Accessoire f\u00fcr Ihr Zuhause oder B\u00fcro. Auch sch\u00f6n zu kombinieren mit beispielsweise einer Schale mit Kerzen oder anderen Pflanzen.<\/p>\n<p>Zur Auswahl stehen die Tillandsia Cotton Candy, Andreana oder Capitata<\/p>\n<p class=\"p1\"><b>Ma\u00dfe: <\/b>Der Topf ist 7,5 Zentimeter hoch und hat einen Durchmesser von 6 Zentimetern<\/p>\n<p class=\"p1\"><b>Pflege: <\/b>Bespr\u00fchen Sie die Luftpflanze ein- bis zweimal pro Woche mit Regenwasser oder unserem N\u00e4hrstoffspray. Stellen Sie sicher, dass die Luftpflanze gen\u00fcgend indirektes Sonnenlicht und frische Luft bekommt.<\/p>\n<p class=\"p1\"><b>Achtung:<\/b> Jede Luftpflanze ist einzigartig, daher kann die bestellte Pflanze leicht von der Luftpflanze auf dem Foto abweichen.<\/p>","protected":false},"excerpt":{"rendered":"<p>Dieser h\u00fcbsche bronzene Topf mit Luftpflanze ist ein nettes kleines Accessoire f\u00fcr Ihr Zuhause oder B\u00fcro. Auch sch\u00f6n zu kombinieren mit beispielsweise einer Schale mit Kerzen oder anderen Pflanzen.<\/p>","protected":false},"featured_media":15924,"comment_status":"open","ping_status":"closed","template":"","meta":{"_acf_changed":false,"rs_blank_template":"","rs_page_bg_color":"","slide_template_v7":""},"product_brand":[],"product_cat":[153],"product_tag":[],"class_list":{"0":"post-15920","1":"product","2":"type-product","3":"status-publish","4":"has-post-thumbnail","6":"product_cat-accessoires-2","8":"first","9":"outofstock","10":"taxable","11":"shipping-taxable","12":"purchasable","13":"product-type-variable","14":"add-to-wishlist-after_add_to_cart"},"acf":[],"_links":{"self":[{"href":"https:\/\/airplantshop.nl\/de\/wp-json\/wp\/v2\/product\/15920","targetHints":{"allow":["GET"]}}],"collection":[{"href":"https:\/\/airplantshop.nl\/de\/wp-json\/wp\/v2\/product"}],"about":[{"href":"https:\/\/airplantshop.nl\/de\/wp-json\/wp\/v2\/types\/product"}],"replies":[{"embeddable":true,"href":"https:\/\/airplantshop.nl\/de\/wp-json\/wp\/v2\/comments?post=15920"}],"wp:featuredmedia":[{"embeddable":true,"href":"https:\/\/airplantshop.nl\/de\/wp-json\/wp\/v2\/media\/15924"}],"wp:attachment":[{"href":"https:\/\/airplantshop.nl\/de\/wp-json\/wp\/v2\/media?parent=15920"}],"wp:term":[{"taxonomy":"product_brand","embeddable":true,"href":"https:\/\/airplantshop.nl\/de\/wp-json\/wp\/v2\/product_brand?post=15920"},{"taxonomy":"product_cat","embeddable":true,"href":"https:\/\/airplantshop.nl\/de\/wp-json\/wp\/v2\/product_cat?post=15920"},{"taxonomy":"product_tag","embeddable":true,"href":"https:\/\/airplantshop.nl\/de\/wp-json\/wp\/v2\/product_tag?post=15920"}],"curies":[{"name":"wp","href":"https:\/\/api.w.org\/{rel}","templated":true}]}}