{"id":15927,"date":"2024-08-15T10:24:50","date_gmt":"2024-08-15T08:24:50","guid":{"rendered":"https:\/\/airplantshop.nl\/?post_type=product&#038;p=15927"},"modified":"2026-03-11T22:31:20","modified_gmt":"2026-03-11T21:31:20","slug":"cementpotje-met-plusjes-patroon-en-tillandsia","status":"publish","type":"product","link":"https:\/\/airplantshop.nl\/de\/product\/cementpotje-met-plusjes-patroon-en-tillandsia\/","title":{"rendered":"Zementtopf mit Plus-Muster und Tillandsia"},"content":{"rendered":"<p>Dieser h\u00fcbsche terrakottafarbene Zementtopf steht auf drei Holzbeinen und ist auf der Au\u00dfenseite mit einem Plus-Muster versehen. Wir f\u00fcllen den Topf mit der Tillandsia Capitata oder der Tillandsia Multiflora.<\/p>\n<p class=\"p1\"><b>Ma\u00dfe: <\/b>Der Topf ist 12 Zentimeter hoch und hat einen Durchmesser von 8 Zentimetern<\/p>\n<p class=\"p1\"><b>Pflege: <\/b>Bespr\u00fchen Sie die Luftpflanze ein- bis zweimal pro Woche mit Regenwasser oder unserem N\u00e4hrstoffspray. Stellen Sie sicher, dass die Luftpflanze gen\u00fcgend indirektes Sonnenlicht und frische Luft bekommt.<\/p>\n<p class=\"p1\"><b>Achtung:<\/b> Jede Luftpflanze ist einzigartig, daher kann die bestellte Pflanze leicht von der Luftpflanze auf dem Foto abweichen.<\/p>","protected":false},"excerpt":{"rendered":"<p>Dieser h\u00fcbsche terrakottafarbene Zementtopf steht auf drei Holzbeinen und ist auf der Au\u00dfenseite mit einem Plus-Muster versehen. Wir f\u00fcllen den Topf mit der Tillandsia Capitata oder der Tillandsia Multiflora.<\/p>","protected":false},"featured_media":15929,"comment_status":"open","ping_status":"closed","template":"","meta":{"_acf_changed":false,"rs_blank_template":"","rs_page_bg_color":"","slide_template_v7":""},"product_brand":[],"product_cat":[153],"product_tag":[],"class_list":{"0":"post-15927","1":"product","2":"type-product","3":"status-publish","4":"has-post-thumbnail","6":"product_cat-accessoires-2","8":"first","9":"outofstock","10":"taxable","11":"shipping-taxable","12":"purchasable","13":"product-type-simple","14":"add-to-wishlist-after_add_to_cart"},"acf":[],"_links":{"self":[{"href":"https:\/\/airplantshop.nl\/de\/wp-json\/wp\/v2\/product\/15927","targetHints":{"allow":["GET"]}}],"collection":[{"href":"https:\/\/airplantshop.nl\/de\/wp-json\/wp\/v2\/product"}],"about":[{"href":"https:\/\/airplantshop.nl\/de\/wp-json\/wp\/v2\/types\/product"}],"replies":[{"embeddable":true,"href":"https:\/\/airplantshop.nl\/de\/wp-json\/wp\/v2\/comments?post=15927"}],"wp:featuredmedia":[{"embeddable":true,"href":"https:\/\/airplantshop.nl\/de\/wp-json\/wp\/v2\/media\/15929"}],"wp:attachment":[{"href":"https:\/\/airplantshop.nl\/de\/wp-json\/wp\/v2\/media?parent=15927"}],"wp:term":[{"taxonomy":"product_brand","embeddable":true,"href":"https:\/\/airplantshop.nl\/de\/wp-json\/wp\/v2\/product_brand?post=15927"},{"taxonomy":"product_cat","embeddable":true,"href":"https:\/\/airplantshop.nl\/de\/wp-json\/wp\/v2\/product_cat?post=15927"},{"taxonomy":"product_tag","embeddable":true,"href":"https:\/\/airplantshop.nl\/de\/wp-json\/wp\/v2\/product_tag?post=15927"}],"curies":[{"name":"wp","href":"https:\/\/api.w.org\/{rel}","templated":true}]}}