{"id":15936,"date":"2024-08-15T11:11:17","date_gmt":"2024-08-15T09:11:17","guid":{"rendered":"https:\/\/airplantshop.nl\/?post_type=product&#038;p=15936"},"modified":"2026-03-09T07:48:02","modified_gmt":"2026-03-09T06:48:02","slug":"x-mas-tree-zwart-met-airplant","status":"publish","type":"product","link":"https:\/\/airplantshop.nl\/de\/product\/x-mas-tree-zwart-met-airplant\/","title":{"rendered":"Weihnachtsbaum schwarz mit Luftpflanze"},"content":{"rendered":"<p>Sie m\u00f6chten ein originelles Weihnachtsaccessoire f\u00fcr Ihr Zuhause? Oder ein originelles Weihnachtsgeschenk verschenken? Dann ist dieser Weihnachtsbaum mit Tillandsien genau das Richtige f\u00fcr Sie! Dieses Produkt ist bei uns in Schwarz und Gold erh\u00e4ltlich. Der Weihnachtsbaum aus Metall wird mit einer Tillandsia Capitata Medium oder einer vergleichbaren Luftpflanze geliefert.<\/p>\n<p class=\"p1\"><b>Ma\u00dfe: <\/b>17 Zentimeter hoch und 14 Zentimeter breit<\/p>\n<p class=\"p1\"><b>Pflege: <\/b>Bespr\u00fchen Sie die Luftpflanze ein- bis zweimal pro Woche mit Regenwasser oder unserem N\u00e4hrstoffspray. Stellen Sie sicher, dass die Luftpflanze gen\u00fcgend indirektes Sonnenlicht und frische Luft bekommt.<\/p>\n<p class=\"p1\"><b>Achtung:<\/b> Jede Luftpflanze ist einzigartig, daher kann die bestellte Pflanze leicht von der Luftpflanze auf dem Foto abweichen.<\/p>","protected":false},"excerpt":{"rendered":"<p>Dieser schwarze Weihnachtsbaum aus Metall mit Tillandsien ist das perfekte Weihnachtsaccessoire f\u00fcr Ihr Zuhause oder zum Verschenken!<\/p>","protected":false},"featured_media":15937,"comment_status":"open","ping_status":"closed","template":"","meta":{"_acf_changed":false,"rs_blank_template":"","rs_page_bg_color":"","slide_template_v7":""},"product_brand":[],"product_cat":[153,162,165],"product_tag":[],"class_list":{"0":"post-15936","1":"product","2":"type-product","3":"status-publish","4":"has-post-thumbnail","6":"product_cat-accessoires-2","7":"product_cat-cadeaus","8":"product_cat-kerst","10":"first","11":"instock","12":"taxable","13":"shipping-taxable","14":"purchasable","15":"product-type-simple","16":"add-to-wishlist-after_add_to_cart"},"acf":[],"_links":{"self":[{"href":"https:\/\/airplantshop.nl\/de\/wp-json\/wp\/v2\/product\/15936","targetHints":{"allow":["GET"]}}],"collection":[{"href":"https:\/\/airplantshop.nl\/de\/wp-json\/wp\/v2\/product"}],"about":[{"href":"https:\/\/airplantshop.nl\/de\/wp-json\/wp\/v2\/types\/product"}],"replies":[{"embeddable":true,"href":"https:\/\/airplantshop.nl\/de\/wp-json\/wp\/v2\/comments?post=15936"}],"wp:featuredmedia":[{"embeddable":true,"href":"https:\/\/airplantshop.nl\/de\/wp-json\/wp\/v2\/media\/15937"}],"wp:attachment":[{"href":"https:\/\/airplantshop.nl\/de\/wp-json\/wp\/v2\/media?parent=15936"}],"wp:term":[{"taxonomy":"product_brand","embeddable":true,"href":"https:\/\/airplantshop.nl\/de\/wp-json\/wp\/v2\/product_brand?post=15936"},{"taxonomy":"product_cat","embeddable":true,"href":"https:\/\/airplantshop.nl\/de\/wp-json\/wp\/v2\/product_cat?post=15936"},{"taxonomy":"product_tag","embeddable":true,"href":"https:\/\/airplantshop.nl\/de\/wp-json\/wp\/v2\/product_tag?post=15936"}],"curies":[{"name":"wp","href":"https:\/\/api.w.org\/{rel}","templated":true}]}}