{"id":15940,"date":"2024-08-15T11:29:30","date_gmt":"2024-08-15T09:29:30","guid":{"rendered":"https:\/\/airplantshop.nl\/?post_type=product&#038;p=15940"},"modified":"2026-03-15T23:04:23","modified_gmt":"2026-03-15T22:04:23","slug":"zwart-metalen-hartje-met-tillandsia-multiflora","status":"publish","type":"product","link":"https:\/\/airplantshop.nl\/de\/product\/zwart-metalen-hartje-met-tillandsia-multiflora\/","title":{"rendered":"Schwarzes Metallherz mit Tillandsia Multiflora"},"content":{"rendered":"<p>Dieses s\u00fc\u00dfe Metallherz ist eine sch\u00f6ne Erg\u00e4nzung f\u00fcr Ihr Interieur. Sie k\u00f6nnen den Anh\u00e4nger an die Schnur h\u00e4ngen. Dieses Produkt eignet sich auch hervorragend als Geschenk zum Geburtstag, Muttertag oder nat\u00fcrlich Valentinstag! Diesen Anh\u00e4nger haben wir in zwei Farben erh\u00e4ltlich: Schwarz und Pink.<\/p>\n<p>Wir k\u00f6nnen Ihnen den Anh\u00e4nger auch in gr\u00f6\u00dferen St\u00fcckzahlen, beispielsweise als Werbegeschenk, liefern. Wenden Sie sich hierzu bitte an info@airplantshop.nl.<\/p>\n<p class=\"p1\"><b>Ma\u00dfe: <\/b>12 cm breit und 13 cm hoch<\/p>\n<p class=\"p1\"><b>Pflege: <\/b>Bespr\u00fchen Sie die Luftpflanze ein- bis zweimal pro Woche mit Regenwasser oder unserem N\u00e4hrstoffspray. Stellen Sie sicher, dass die Luftpflanze gen\u00fcgend indirektes Sonnenlicht und frische Luft bekommt.<\/p>\n<p class=\"p1\"><b>Achtung:<\/b> Jede Luftpflanze ist einzigartig, daher kann die bestellte Pflanze leicht von der Luftpflanze auf dem Foto abweichen.<\/p>\n<p>&nbsp;<\/p>","protected":false},"excerpt":{"rendered":"<p>Dieses s\u00fc\u00dfe Metallherz ist eine sch\u00f6ne Erg\u00e4nzung f\u00fcr Ihr Interieur. Sie k\u00f6nnen den Anh\u00e4nger an die Schnur h\u00e4ngen. Dieses Produkt eignet sich auch hervorragend als Geschenk zum Geburtstag, Muttertag oder nat\u00fcrlich Valentinstag!<\/p>","protected":false},"featured_media":15941,"comment_status":"open","ping_status":"closed","template":"","meta":{"_acf_changed":false,"rs_blank_template":"","rs_page_bg_color":"","slide_template_v7":""},"product_brand":[],"product_cat":[153,162,158],"product_tag":[],"class_list":{"0":"post-15940","1":"product","2":"type-product","3":"status-publish","4":"has-post-thumbnail","6":"product_cat-accessoires-2","7":"product_cat-cadeaus","8":"product_cat-valentijnsdag","10":"first","11":"instock","12":"taxable","13":"shipping-taxable","14":"purchasable","15":"product-type-simple","16":"add-to-wishlist-after_add_to_cart"},"acf":[],"_links":{"self":[{"href":"https:\/\/airplantshop.nl\/de\/wp-json\/wp\/v2\/product\/15940","targetHints":{"allow":["GET"]}}],"collection":[{"href":"https:\/\/airplantshop.nl\/de\/wp-json\/wp\/v2\/product"}],"about":[{"href":"https:\/\/airplantshop.nl\/de\/wp-json\/wp\/v2\/types\/product"}],"replies":[{"embeddable":true,"href":"https:\/\/airplantshop.nl\/de\/wp-json\/wp\/v2\/comments?post=15940"}],"wp:featuredmedia":[{"embeddable":true,"href":"https:\/\/airplantshop.nl\/de\/wp-json\/wp\/v2\/media\/15941"}],"wp:attachment":[{"href":"https:\/\/airplantshop.nl\/de\/wp-json\/wp\/v2\/media?parent=15940"}],"wp:term":[{"taxonomy":"product_brand","embeddable":true,"href":"https:\/\/airplantshop.nl\/de\/wp-json\/wp\/v2\/product_brand?post=15940"},{"taxonomy":"product_cat","embeddable":true,"href":"https:\/\/airplantshop.nl\/de\/wp-json\/wp\/v2\/product_cat?post=15940"},{"taxonomy":"product_tag","embeddable":true,"href":"https:\/\/airplantshop.nl\/de\/wp-json\/wp\/v2\/product_tag?post=15940"}],"curies":[{"name":"wp","href":"https:\/\/api.w.org\/{rel}","templated":true}]}}