{"id":15953,"date":"2024-08-15T12:46:57","date_gmt":"2024-08-15T10:46:57","guid":{"rendered":"https:\/\/airplantshop.nl\/?post_type=product&#038;p=15953"},"modified":"2026-03-09T07:46:10","modified_gmt":"2026-03-09T06:46:10","slug":"tillandsia-capitata-red","status":"publish","type":"product","link":"https:\/\/airplantshop.nl\/de\/product\/tillandsia-capitata-red\/","title":{"rendered":"Tillandsia Capitata Red"},"content":{"rendered":"<p>Diese Luftpflanze werden Sie so schnell nirgendwo anders finden. Mit ihren sch\u00f6nen breiten Bl\u00e4ttern und der leuchtend gr\u00fcnen Farbe ist dies eine besonders sch\u00f6ne Pflanze. Wenn die Capitata Red bl\u00fcht, f\u00e4rbt sie sich leuchtend rot. Daher hat er auch seinen Namen. Wir haben zwei Gr\u00f6\u00dfen: Large und XL.<\/p>\n<p class=\"p1\"><b>Pflege: <\/b>Bespr\u00fchen Sie die Luftpflanze ein- bis zweimal pro Woche mit Regenwasser oder unserem N\u00e4hrstoffspray. Stellen Sie sicher, dass die Luftpflanze gen\u00fcgend indirektes Sonnenlicht und frische Luft bekommt.<\/p>\n<p class=\"p1\"><b>Herkunft: <\/b>Indonesien<\/p>\n<p class=\"p1\"><b>Achtung:<\/b> Jede Luftpflanze ist einzigartig, daher kann die bestellte Pflanze leicht von der Luftpflanze auf dem Foto abweichen.<\/p>","protected":false},"excerpt":{"rendered":"<p>Diese Luftpflanze werden Sie so schnell nirgendwo anders finden. Mit ihren sch\u00f6nen breiten Bl\u00e4ttern und der leuchtend gr\u00fcnen Farbe ist dies eine besonders sch\u00f6ne Pflanze. Wenn die Capitata Red bl\u00fcht, f\u00e4rbt sie sich leuchtend rot.<\/p>","protected":false},"featured_media":15956,"comment_status":"open","ping_status":"closed","template":"","meta":{"_acf_changed":false,"rs_blank_template":"","rs_page_bg_color":"","slide_template_v7":""},"product_brand":[],"product_cat":[154,157],"product_tag":[],"class_list":{"0":"post-15953","1":"product","2":"type-product","3":"status-publish","4":"has-post-thumbnail","6":"product_cat-airplants","7":"product_cat-hybrids-unieke-soorten","9":"first","10":"outofstock","11":"taxable","12":"shipping-taxable","13":"purchasable","14":"product-type-variable","15":"add-to-wishlist-after_add_to_cart"},"acf":[],"_links":{"self":[{"href":"https:\/\/airplantshop.nl\/de\/wp-json\/wp\/v2\/product\/15953","targetHints":{"allow":["GET"]}}],"collection":[{"href":"https:\/\/airplantshop.nl\/de\/wp-json\/wp\/v2\/product"}],"about":[{"href":"https:\/\/airplantshop.nl\/de\/wp-json\/wp\/v2\/types\/product"}],"replies":[{"embeddable":true,"href":"https:\/\/airplantshop.nl\/de\/wp-json\/wp\/v2\/comments?post=15953"}],"wp:featuredmedia":[{"embeddable":true,"href":"https:\/\/airplantshop.nl\/de\/wp-json\/wp\/v2\/media\/15956"}],"wp:attachment":[{"href":"https:\/\/airplantshop.nl\/de\/wp-json\/wp\/v2\/media?parent=15953"}],"wp:term":[{"taxonomy":"product_brand","embeddable":true,"href":"https:\/\/airplantshop.nl\/de\/wp-json\/wp\/v2\/product_brand?post=15953"},{"taxonomy":"product_cat","embeddable":true,"href":"https:\/\/airplantshop.nl\/de\/wp-json\/wp\/v2\/product_cat?post=15953"},{"taxonomy":"product_tag","embeddable":true,"href":"https:\/\/airplantshop.nl\/de\/wp-json\/wp\/v2\/product_tag?post=15953"}],"curies":[{"name":"wp","href":"https:\/\/api.w.org\/{rel}","templated":true}]}}