{"id":15957,"date":"2024-08-15T12:54:56","date_gmt":"2024-08-15T10:54:56","guid":{"rendered":"https:\/\/airplantshop.nl\/?post_type=product&#038;p=15957"},"modified":"2026-03-09T07:46:10","modified_gmt":"2026-03-09T06:46:10","slug":"tillandsia-merlin","status":"publish","type":"product","link":"https:\/\/airplantshop.nl\/de\/product\/tillandsia-merlin\/","title":{"rendered":"Tillandsia Merlin"},"content":{"rendered":"<p>Wir haben diese wundersch\u00f6ne Luftpflanze in zwei Gr\u00f6\u00dfen: Gro\u00df und XL. Wenn Sie in den Kern der Pflanze schauen, werden Sie eine sch\u00f6ne rote Farbe sehen. Dies ist bei der XL deutlicher sichtbar als bei der Large. Die restlichen Bl\u00e4tter haben ein sch\u00f6nes Hellgr\u00fcn.<\/p>\n<p class=\"p1\"><b>Pflege: <\/b>Bespr\u00fchen Sie die Luftpflanze ein- bis zweimal pro Woche mit Regenwasser oder unserem N\u00e4hrstoffspray. Stellen Sie sicher, dass die Luftpflanze gen\u00fcgend indirektes Sonnenlicht und frische Luft bekommt.<\/p>\n<p class=\"p1\"><b>Herkunft: <\/b>Indonesien<\/p>\n<p class=\"p1\"><b>Achtung:<\/b> Jede Luftpflanze ist einzigartig, daher kann die bestellte Pflanze leicht von der Luftpflanze auf dem Foto abweichen.<\/p>","protected":false},"excerpt":{"rendered":"<p>Wir haben diese wundersch\u00f6ne Luftpflanze in zwei Gr\u00f6\u00dfen: Gro\u00df und XL. Wenn Sie in den Kern der Pflanze schauen, werden Sie eine sch\u00f6ne rote Farbe sehen.<\/p>","protected":false},"featured_media":15958,"comment_status":"open","ping_status":"closed","template":"","meta":{"_acf_changed":false,"rs_blank_template":"","rs_page_bg_color":"","slide_template_v7":""},"product_brand":[],"product_cat":[154,188,157],"product_tag":[],"class_list":{"0":"post-15957","1":"product","2":"type-product","3":"status-publish","4":"has-post-thumbnail","6":"product_cat-airplants","7":"product_cat-favorieten","8":"product_cat-hybrids-unieke-soorten","10":"first","11":"outofstock","12":"taxable","13":"shipping-taxable","14":"purchasable","15":"product-type-variable","16":"add-to-wishlist-after_add_to_cart"},"acf":[],"_links":{"self":[{"href":"https:\/\/airplantshop.nl\/de\/wp-json\/wp\/v2\/product\/15957","targetHints":{"allow":["GET"]}}],"collection":[{"href":"https:\/\/airplantshop.nl\/de\/wp-json\/wp\/v2\/product"}],"about":[{"href":"https:\/\/airplantshop.nl\/de\/wp-json\/wp\/v2\/types\/product"}],"replies":[{"embeddable":true,"href":"https:\/\/airplantshop.nl\/de\/wp-json\/wp\/v2\/comments?post=15957"}],"wp:featuredmedia":[{"embeddable":true,"href":"https:\/\/airplantshop.nl\/de\/wp-json\/wp\/v2\/media\/15958"}],"wp:attachment":[{"href":"https:\/\/airplantshop.nl\/de\/wp-json\/wp\/v2\/media?parent=15957"}],"wp:term":[{"taxonomy":"product_brand","embeddable":true,"href":"https:\/\/airplantshop.nl\/de\/wp-json\/wp\/v2\/product_brand?post=15957"},{"taxonomy":"product_cat","embeddable":true,"href":"https:\/\/airplantshop.nl\/de\/wp-json\/wp\/v2\/product_cat?post=15957"},{"taxonomy":"product_tag","embeddable":true,"href":"https:\/\/airplantshop.nl\/de\/wp-json\/wp\/v2\/product_tag?post=15957"}],"curies":[{"name":"wp","href":"https:\/\/api.w.org\/{rel}","templated":true}]}}