{"id":15961,"date":"2024-08-15T13:01:48","date_gmt":"2024-08-15T11:01:48","guid":{"rendered":"https:\/\/airplantshop.nl\/?post_type=product&#038;p=15961"},"modified":"2026-04-13T15:36:42","modified_gmt":"2026-04-13T13:36:42","slug":"mix-capitata-medium-rubra-xl-fuego-large-ionantha-rood","status":"publish","type":"product","link":"https:\/\/airplantshop.nl\/de\/product\/mix-capitata-medium-rubra-xl-fuego-large-ionantha-rood\/","title":{"rendered":"MIX: Capitata Medium, Rubra XL, Fuego Large, Ionantha Rood"},"content":{"rendered":"<p>In dieser sch\u00f6nen Mischung finden Sie eine Tillandsia Capitata Medium, Tillandsia Rubra XL, Tillandsia Fuego Large und Tillandsia Ionantha Red. Normalerweise kosten diese Luftpflanzen zusammen \u20ac14,39, f\u00fcr diesen Mix zahlen Sie jedoch nur \u20ac12,50.<\/p>\n<p class=\"p1\"><b>Pflege: <\/b>Bespr\u00fchen Sie die Luftpflanze ein- bis zweimal pro Woche mit Regenwasser oder unserem N\u00e4hrstoffspray. Stellen Sie sicher, dass die Luftpflanze gen\u00fcgend indirektes Sonnenlicht und frische Luft bekommt.<\/p>\n<p class=\"p1\"><b>Achtung:<\/b> Jede Luftpflanze ist einzigartig, daher kann die bestellte Pflanze leicht von der Luftpflanze auf dem Foto abweichen.<\/p>","protected":false},"excerpt":{"rendered":"<p>In dieser sch\u00f6nen Mischung finden Sie eine Tillandsia Capitata Medium, Tillandsia Rubra XL, Tillandsia Fuego Large und Tillandsia Ionantha Red.<\/p>","protected":false},"featured_media":15962,"comment_status":"open","ping_status":"closed","template":"","meta":{"_acf_changed":false,"rs_blank_template":"","rs_page_bg_color":"","slide_template_v7":""},"product_brand":[],"product_cat":[154,161],"product_tag":[],"class_list":{"0":"post-15961","1":"product","2":"type-product","3":"status-publish","4":"has-post-thumbnail","6":"product_cat-airplants","7":"product_cat-mix","9":"first","10":"outofstock","11":"sale","12":"taxable","13":"shipping-taxable","14":"purchasable","15":"product-type-simple","16":"add-to-wishlist-after_add_to_cart"},"acf":[],"_links":{"self":[{"href":"https:\/\/airplantshop.nl\/de\/wp-json\/wp\/v2\/product\/15961","targetHints":{"allow":["GET"]}}],"collection":[{"href":"https:\/\/airplantshop.nl\/de\/wp-json\/wp\/v2\/product"}],"about":[{"href":"https:\/\/airplantshop.nl\/de\/wp-json\/wp\/v2\/types\/product"}],"replies":[{"embeddable":true,"href":"https:\/\/airplantshop.nl\/de\/wp-json\/wp\/v2\/comments?post=15961"}],"wp:featuredmedia":[{"embeddable":true,"href":"https:\/\/airplantshop.nl\/de\/wp-json\/wp\/v2\/media\/15962"}],"wp:attachment":[{"href":"https:\/\/airplantshop.nl\/de\/wp-json\/wp\/v2\/media?parent=15961"}],"wp:term":[{"taxonomy":"product_brand","embeddable":true,"href":"https:\/\/airplantshop.nl\/de\/wp-json\/wp\/v2\/product_brand?post=15961"},{"taxonomy":"product_cat","embeddable":true,"href":"https:\/\/airplantshop.nl\/de\/wp-json\/wp\/v2\/product_cat?post=15961"},{"taxonomy":"product_tag","embeddable":true,"href":"https:\/\/airplantshop.nl\/de\/wp-json\/wp\/v2\/product_tag?post=15961"}],"curies":[{"name":"wp","href":"https:\/\/api.w.org\/{rel}","templated":true}]}}