{"id":15963,"date":"2024-08-15T13:10:55","date_gmt":"2024-08-15T11:10:55","guid":{"rendered":"https:\/\/airplantshop.nl\/?post_type=product&#038;p=15963"},"modified":"2026-04-15T11:46:16","modified_gmt":"2026-04-15T09:46:16","slug":"mix-andreana-xl-capitata-large-bulbosa-caput-medusae-large","status":"publish","type":"product","link":"https:\/\/airplantshop.nl\/de\/product\/mix-andreana-xl-capitata-large-bulbosa-caput-medusae-large\/","title":{"rendered":"MIX: Andreana XL, Capitata Large, Bulbosa, Caput Medusae Large"},"content":{"rendered":"<p>In dieser Mischung finden Sie die Tillandsia Andreana XL, Tillandsia Capitata Large, Tillandsia Bulbosa und die Tillandsia Caput Medusae Large. Normalerweise zahlen Sie f\u00fcr diese Luftpflanzen \u20ac19,40, aber in dieser Mischung zahlen Sie nur \u20ac16,95<\/p>\n<p class=\"p1\"><b>Pflege: <\/b>Bespr\u00fchen Sie die Luftpflanze ein- bis zweimal pro Woche mit Regenwasser oder unserem N\u00e4hrstoffspray. Stellen Sie sicher, dass die Luftpflanze gen\u00fcgend indirektes Sonnenlicht und frische Luft bekommt.<\/p>\n<p class=\"p1\"><b>Achtung:<\/b> Jede Luftpflanze ist einzigartig, daher kann die bestellte Pflanze leicht von der Luftpflanze auf dem Foto abweichen.<\/p>","protected":false},"excerpt":{"rendered":"<p>In deze mix vind je de Tillandsia Andreana XL, Tillandsia Capitata Large, Tillandsia Bulbosa en de Tillandsia Caput Medusae Large. Normaal betaal<\/p>","protected":false},"featured_media":15964,"comment_status":"open","ping_status":"closed","template":"","meta":{"_acf_changed":false,"rs_blank_template":"","rs_page_bg_color":"","slide_template_v7":""},"product_brand":[],"product_cat":[154,188,161],"product_tag":[],"class_list":{"0":"post-15963","1":"product","2":"type-product","3":"status-publish","4":"has-post-thumbnail","6":"product_cat-airplants","7":"product_cat-favorieten","8":"product_cat-mix","10":"first","11":"outofstock","12":"sale","13":"taxable","14":"shipping-taxable","15":"purchasable","16":"product-type-simple","17":"add-to-wishlist-after_add_to_cart"},"acf":[],"_links":{"self":[{"href":"https:\/\/airplantshop.nl\/de\/wp-json\/wp\/v2\/product\/15963","targetHints":{"allow":["GET"]}}],"collection":[{"href":"https:\/\/airplantshop.nl\/de\/wp-json\/wp\/v2\/product"}],"about":[{"href":"https:\/\/airplantshop.nl\/de\/wp-json\/wp\/v2\/types\/product"}],"replies":[{"embeddable":true,"href":"https:\/\/airplantshop.nl\/de\/wp-json\/wp\/v2\/comments?post=15963"}],"wp:featuredmedia":[{"embeddable":true,"href":"https:\/\/airplantshop.nl\/de\/wp-json\/wp\/v2\/media\/15964"}],"wp:attachment":[{"href":"https:\/\/airplantshop.nl\/de\/wp-json\/wp\/v2\/media?parent=15963"}],"wp:term":[{"taxonomy":"product_brand","embeddable":true,"href":"https:\/\/airplantshop.nl\/de\/wp-json\/wp\/v2\/product_brand?post=15963"},{"taxonomy":"product_cat","embeddable":true,"href":"https:\/\/airplantshop.nl\/de\/wp-json\/wp\/v2\/product_cat?post=15963"},{"taxonomy":"product_tag","embeddable":true,"href":"https:\/\/airplantshop.nl\/de\/wp-json\/wp\/v2\/product_tag?post=15963"}],"curies":[{"name":"wp","href":"https:\/\/api.w.org\/{rel}","templated":true}]}}