{"id":15965,"date":"2024-08-15T13:42:23","date_gmt":"2024-08-15T11:42:23","guid":{"rendered":"https:\/\/airplantshop.nl\/?post_type=product&#038;p=15965"},"modified":"2026-04-21T07:30:20","modified_gmt":"2026-04-21T05:30:20","slug":"tillandsia-cotton-candy","status":"publish","type":"product","link":"https:\/\/airplantshop.nl\/de\/product\/tillandsia-cotton-candy\/","title":{"rendered":"Tillandsia Cotton Candy"},"content":{"rendered":"<p>Diese Luftpflanze w\u00e4chst sch\u00f6n in die Breite und hat in der Mitte eine rosa Bl\u00fctenknospe. Wenn die Bl\u00fcte verbl\u00fcht ist, kann die Mutterpflanze absterben, doch mit etwas Gl\u00fcck bildet sich ein \u201eAbleger\u201c. Ein Ableger ist ein Steckling, der seitlich aus der Pflanze w\u00e4chst. Wenn dieser ein Drittel der Gr\u00f6\u00dfe der Mutterpflanze erreicht hat, k\u00f6nnen Sie den Ableger vorsichtig abdrehen.<\/p>\n<p><b>Ma\u00dfe: <\/b>etwa 10 Zentimeters<\/p>\n<p><b>Pflege: <\/b>Bespr\u00fchen Sie die Luftpflanze ein- bis zweimal pro Woche mit Regenwasser oder unserem N\u00e4hrstoffspray. Stellen Sie sicher, dass die Luftpflanze gen\u00fcgend indirektes Sonnenlicht und frische Luft bekommt.<\/p>\n<p><strong>Achtung:<\/strong> Jede Luftpflanze ist einzigartig, daher kann die bestellte Pflanze leicht von der Luftpflanze auf dem Foto abweichen.<\/p>\n<p>&nbsp;<\/p>","protected":false},"excerpt":{"rendered":"<p>Diese Luftpflanze w\u00e4chst sch\u00f6n in die Breite und hat in der Mitte eine rosa Bl\u00fctenknospe. Sch\u00f6n f\u00fcr einen sch\u00f6nen Topf oder auf einem Tablett mit Kerzen oder anderen Pflanzen.<\/p>","protected":false},"featured_media":15966,"comment_status":"open","ping_status":"closed","template":"","meta":{"_acf_changed":false,"rs_blank_template":"","rs_page_bg_color":"","slide_template_v7":""},"product_brand":[],"product_cat":[154],"product_tag":[],"class_list":{"0":"post-15965","1":"product","2":"type-product","3":"status-publish","4":"has-post-thumbnail","6":"product_cat-airplants","8":"first","9":"instock","10":"taxable","11":"shipping-taxable","12":"purchasable","13":"product-type-simple","14":"add-to-wishlist-after_add_to_cart"},"acf":[],"_links":{"self":[{"href":"https:\/\/airplantshop.nl\/de\/wp-json\/wp\/v2\/product\/15965","targetHints":{"allow":["GET"]}}],"collection":[{"href":"https:\/\/airplantshop.nl\/de\/wp-json\/wp\/v2\/product"}],"about":[{"href":"https:\/\/airplantshop.nl\/de\/wp-json\/wp\/v2\/types\/product"}],"replies":[{"embeddable":true,"href":"https:\/\/airplantshop.nl\/de\/wp-json\/wp\/v2\/comments?post=15965"}],"wp:featuredmedia":[{"embeddable":true,"href":"https:\/\/airplantshop.nl\/de\/wp-json\/wp\/v2\/media\/15966"}],"wp:attachment":[{"href":"https:\/\/airplantshop.nl\/de\/wp-json\/wp\/v2\/media?parent=15965"}],"wp:term":[{"taxonomy":"product_brand","embeddable":true,"href":"https:\/\/airplantshop.nl\/de\/wp-json\/wp\/v2\/product_brand?post=15965"},{"taxonomy":"product_cat","embeddable":true,"href":"https:\/\/airplantshop.nl\/de\/wp-json\/wp\/v2\/product_cat?post=15965"},{"taxonomy":"product_tag","embeddable":true,"href":"https:\/\/airplantshop.nl\/de\/wp-json\/wp\/v2\/product_tag?post=15965"}],"curies":[{"name":"wp","href":"https:\/\/api.w.org\/{rel}","templated":true}]}}