{"id":15971,"date":"2024-08-15T13:58:29","date_gmt":"2024-08-15T11:58:29","guid":{"rendered":"https:\/\/airplantshop.nl\/?post_type=product&#038;p=15971"},"modified":"2026-03-09T07:53:43","modified_gmt":"2026-03-09T06:53:43","slug":"tillandsia-xerographica","status":"publish","type":"product","link":"https:\/\/airplantshop.nl\/de\/product\/tillandsia-xerographica\/","title":{"rendered":"Tillandsia Xerographica"},"content":{"rendered":"<p>Die Xerographica ist das Juwel unter den Luftpflanzen. Sie wird auch die K\u00f6nigin genannt. Diese Luftpflanze mag W\u00e4rme und Licht, sollte aber nicht in die volle Sonne gestellt werden, da die Bl\u00e4tter verbrennen k\u00f6nnten.<\/p>\n<p><strong>Warum ist diese Tillandsia Xerographica etwas teurer als die anderen Pflanzen?<\/strong><br \/>\nDies liegt daran, dass diese Pflanze (in der freien Wildbahn\/Natur) vom Aussterben bedroht ist. Diese Art ist auf der CITES-Liste eingetragen. Dies bedeutet, dass pro Jahr nur eine bestimmte Anzahl an Artikeln importiert werden darf. F\u00fcr diesen Import braucht man alle Arten von Genehmigungen, damit die Inspektionsdienste wissen, dass diese Anlage\u00a0<u><strong>NICHT<\/strong><\/u><strong>\u00a0<\/strong>aus der Natur stammt, sondern von einem Tillandsia-Z\u00fcchter sorgf\u00e4ltig gez\u00fcchtet wurde.<\/p>\n<p class=\"p1\"><b>Ma\u00dfe: <\/b>Mini, Small, Medium und Large<\/p>\n<p class=\"p1\"><b>Pflege: <\/b>Bespr\u00fchen Sie die Luftpflanze ein- bis zweimal pro Woche mit Regenwasser oder unserem N\u00e4hrstoffspray. Stellen Sie sicher, dass die Luftpflanze gen\u00fcgend indirektes Sonnenlicht und frische Luft bekommt.<\/p>\n<p class=\"p1\"><b>Achtung:<\/b> Jede Luftpflanze ist einzigartig, daher kann die bestellte Pflanze leicht von der Luftpflanze auf dem Foto abweichen.<\/p>","protected":false},"excerpt":{"rendered":"<p>Die Xerographica ist das Juwel unter den Luftpflanzen. Sie wird auch die K\u00f6nigin genannt. Diese Luftpflanze hat wundersch\u00f6ne gr\u00fcn\/graue, gekr\u00e4uselte Bl\u00e4tter.<\/p>","protected":false},"featured_media":15976,"comment_status":"open","ping_status":"closed","template":"","meta":{"_acf_changed":false,"rs_blank_template":"","rs_page_bg_color":"","slide_template_v7":""},"product_brand":[],"product_cat":[154],"product_tag":[],"class_list":{"0":"post-15971","1":"product","2":"type-product","3":"status-publish","4":"has-post-thumbnail","6":"product_cat-airplants","8":"first","9":"outofstock","10":"taxable","11":"shipping-taxable","12":"purchasable","13":"product-type-variable","14":"add-to-wishlist-after_add_to_cart"},"acf":[],"_links":{"self":[{"href":"https:\/\/airplantshop.nl\/de\/wp-json\/wp\/v2\/product\/15971","targetHints":{"allow":["GET"]}}],"collection":[{"href":"https:\/\/airplantshop.nl\/de\/wp-json\/wp\/v2\/product"}],"about":[{"href":"https:\/\/airplantshop.nl\/de\/wp-json\/wp\/v2\/types\/product"}],"replies":[{"embeddable":true,"href":"https:\/\/airplantshop.nl\/de\/wp-json\/wp\/v2\/comments?post=15971"}],"wp:featuredmedia":[{"embeddable":true,"href":"https:\/\/airplantshop.nl\/de\/wp-json\/wp\/v2\/media\/15976"}],"wp:attachment":[{"href":"https:\/\/airplantshop.nl\/de\/wp-json\/wp\/v2\/media?parent=15971"}],"wp:term":[{"taxonomy":"product_brand","embeddable":true,"href":"https:\/\/airplantshop.nl\/de\/wp-json\/wp\/v2\/product_brand?post=15971"},{"taxonomy":"product_cat","embeddable":true,"href":"https:\/\/airplantshop.nl\/de\/wp-json\/wp\/v2\/product_cat?post=15971"},{"taxonomy":"product_tag","embeddable":true,"href":"https:\/\/airplantshop.nl\/de\/wp-json\/wp\/v2\/product_tag?post=15971"}],"curies":[{"name":"wp","href":"https:\/\/api.w.org\/{rel}","templated":true}]}}