{"id":15977,"date":"2024-08-15T14:06:04","date_gmt":"2024-08-15T12:06:04","guid":{"rendered":"https:\/\/airplantshop.nl\/?post_type=product&#038;p=15977"},"modified":"2026-03-09T07:46:10","modified_gmt":"2026-03-09T06:46:10","slug":"tillandsia-funckiana-small","status":"publish","type":"product","link":"https:\/\/airplantshop.nl\/de\/product\/tillandsia-funckiana-small\/","title":{"rendered":"Tillandsia Funckiana Small"},"content":{"rendered":"<p>Diese sch\u00f6ne Luftpflanze ist die kleine Tillandsia Funckiana. Wenn die Pflanze bl\u00fcht, kann oben eine leuchtend rote Bl\u00fcte wachsen.<\/p>\n<p class=\"p1\"><b>Ma\u00dfe: <\/b>etwa 10 Zentimeters<\/p>\n<p class=\"p1\"><b>Pflege: <\/b>Bespr\u00fchen Sie die Luftpflanze ein- bis zweimal pro Woche mit Regenwasser oder unserem N\u00e4hrstoffspray. Stellen Sie sicher, dass die Luftpflanze gen\u00fcgend indirektes Sonnenlicht und frische Luft bekommt.<\/p>\n<p class=\"p1\"><b>Herkunft: <\/b>Venezuela<\/p>\n<p class=\"p1\"><b>Achtung:<\/b> Jede Luftpflanze ist einzigartig, daher kann die bestellte Pflanze leicht von der Luftpflanze auf dem Foto abweichen.<\/p>","protected":false},"excerpt":{"rendered":"<p>Diese sch\u00f6ne Luftpflanze ist die kleine Tillandsia Funckiana. Wenn die Pflanze bl\u00fcht, kann oben eine leuchtend rote Bl\u00fcte wachsen.<\/p>","protected":false},"featured_media":15978,"comment_status":"open","ping_status":"closed","template":"","meta":{"_acf_changed":false,"rs_blank_template":"","rs_page_bg_color":"","slide_template_v7":""},"product_brand":[],"product_cat":[154],"product_tag":[],"class_list":{"0":"post-15977","1":"product","2":"type-product","3":"status-publish","4":"has-post-thumbnail","6":"product_cat-airplants","8":"first","9":"outofstock","10":"taxable","11":"shipping-taxable","12":"purchasable","13":"product-type-simple","14":"add-to-wishlist-after_add_to_cart"},"acf":[],"_links":{"self":[{"href":"https:\/\/airplantshop.nl\/de\/wp-json\/wp\/v2\/product\/15977","targetHints":{"allow":["GET"]}}],"collection":[{"href":"https:\/\/airplantshop.nl\/de\/wp-json\/wp\/v2\/product"}],"about":[{"href":"https:\/\/airplantshop.nl\/de\/wp-json\/wp\/v2\/types\/product"}],"replies":[{"embeddable":true,"href":"https:\/\/airplantshop.nl\/de\/wp-json\/wp\/v2\/comments?post=15977"}],"wp:featuredmedia":[{"embeddable":true,"href":"https:\/\/airplantshop.nl\/de\/wp-json\/wp\/v2\/media\/15978"}],"wp:attachment":[{"href":"https:\/\/airplantshop.nl\/de\/wp-json\/wp\/v2\/media?parent=15977"}],"wp:term":[{"taxonomy":"product_brand","embeddable":true,"href":"https:\/\/airplantshop.nl\/de\/wp-json\/wp\/v2\/product_brand?post=15977"},{"taxonomy":"product_cat","embeddable":true,"href":"https:\/\/airplantshop.nl\/de\/wp-json\/wp\/v2\/product_cat?post=15977"},{"taxonomy":"product_tag","embeddable":true,"href":"https:\/\/airplantshop.nl\/de\/wp-json\/wp\/v2\/product_tag?post=15977"}],"curies":[{"name":"wp","href":"https:\/\/api.w.org\/{rel}","templated":true}]}}