{"id":15980,"date":"2024-08-21T12:49:59","date_gmt":"2024-08-21T10:49:59","guid":{"rendered":"https:\/\/airplantshop.nl\/?post_type=product&#038;p=15980"},"modified":"2026-03-09T07:46:10","modified_gmt":"2026-03-09T06:46:10","slug":"tillandsia-magnusiana","status":"publish","type":"product","link":"https:\/\/airplantshop.nl\/de\/product\/tillandsia-magnusiana\/","title":{"rendered":"Tillandsia Magnusiana"},"content":{"rendered":"<p>Dies ist eine besondere Luftpflanze. Wie die Argentea hat auch diese Tillandsia Lamellen als Bl\u00e4tter. Aufgrund ihrer sch\u00f6nen Form macht sich diese Pflanze besonders gut in einer kugelf\u00f6rmigen Vase mit beispielsweise Sand oder Kieselsteinen. Sie k\u00f6nnen diese Pflanze auch ganz einfach mit s\u00e4urefreiem\/wasserfestem Kleber an einen Baumstamm oder eine andere Dekoration kleben.<\/p>\n<p class=\"p1\"><b>Pflege: <\/b>Bespr\u00fchen Sie die Luftpflanze ein- bis zweimal pro Woche mit Regenwasser oder unserem N\u00e4hrstoffspray. Bitte beachten Sie, dass nicht zu viel Wasser in den Kern dieser Tillandsie gelangt, da sie dies nicht gut vertr\u00e4gt. Stellen Sie sicher, dass die Luftpflanze gen\u00fcgend indirektes Sonnenlicht und frische Luft bekommt.<\/p>\n<p class=\"p1\"><b>Achtung:<\/b> Jede Luftpflanze ist einzigartig, daher kann die bestellte Pflanze leicht von der Luftpflanze auf dem Foto abweichen.<\/p>","protected":false},"excerpt":{"rendered":"<p>Dies ist eine besondere Luftpflanze. Wie die Argentea hat auch diese Tillandsia Lamellen als Bl\u00e4tter. Aufgrund ihrer sch\u00f6nen Form macht sich diese Pflanze besonders gut in einer kugelf\u00f6rmigen Vase mit beispielsweise Sand oder Kieselsteinen.<\/p>","protected":false},"featured_media":15995,"comment_status":"open","ping_status":"closed","template":"","meta":{"_acf_changed":false,"rs_blank_template":"","rs_page_bg_color":"","slide_template_v7":""},"product_brand":[],"product_cat":[154],"product_tag":[],"class_list":{"0":"post-15980","1":"product","2":"type-product","3":"status-publish","4":"has-post-thumbnail","6":"product_cat-airplants","8":"first","9":"outofstock","10":"taxable","11":"shipping-taxable","12":"purchasable","13":"product-type-variable","14":"add-to-wishlist-after_add_to_cart"},"acf":[],"_links":{"self":[{"href":"https:\/\/airplantshop.nl\/de\/wp-json\/wp\/v2\/product\/15980","targetHints":{"allow":["GET"]}}],"collection":[{"href":"https:\/\/airplantshop.nl\/de\/wp-json\/wp\/v2\/product"}],"about":[{"href":"https:\/\/airplantshop.nl\/de\/wp-json\/wp\/v2\/types\/product"}],"replies":[{"embeddable":true,"href":"https:\/\/airplantshop.nl\/de\/wp-json\/wp\/v2\/comments?post=15980"}],"wp:featuredmedia":[{"embeddable":true,"href":"https:\/\/airplantshop.nl\/de\/wp-json\/wp\/v2\/media\/15995"}],"wp:attachment":[{"href":"https:\/\/airplantshop.nl\/de\/wp-json\/wp\/v2\/media?parent=15980"}],"wp:term":[{"taxonomy":"product_brand","embeddable":true,"href":"https:\/\/airplantshop.nl\/de\/wp-json\/wp\/v2\/product_brand?post=15980"},{"taxonomy":"product_cat","embeddable":true,"href":"https:\/\/airplantshop.nl\/de\/wp-json\/wp\/v2\/product_cat?post=15980"},{"taxonomy":"product_tag","embeddable":true,"href":"https:\/\/airplantshop.nl\/de\/wp-json\/wp\/v2\/product_tag?post=15980"}],"curies":[{"name":"wp","href":"https:\/\/api.w.org\/{rel}","templated":true}]}}