{"id":15999,"date":"2024-08-21T13:09:05","date_gmt":"2024-08-21T11:09:05","guid":{"rendered":"https:\/\/airplantshop.nl\/?post_type=product&#038;p=15999"},"modified":"2026-04-11T14:22:53","modified_gmt":"2026-04-11T12:22:53","slug":"tillandsia-gardneri","status":"publish","type":"product","link":"https:\/\/airplantshop.nl\/de\/product\/tillandsia-gardneri\/","title":{"rendered":"Tillandsia Gardneri"},"content":{"rendered":"<p>Diese besondere Luftpflanze hat eine besondere Art zu wachsen. Dies f\u00fchrt dazu, dass sich die unteren Bl\u00e4tter einrollen. Seine Form erm\u00f6glicht es ihm oft, aufrecht zu stehen.<\/p>\n<p><strong>Ma\u00dfe:<\/strong> 10 bis 15 Zentimeter<\/p>\n<p><strong>Pflege:<\/strong> Bespr\u00fchen Sie die Luftpflanze ein- bis zweimal pro Woche mit Regenwasser oder unserem N\u00e4hrstoffspray. Stellen Sie sicher, dass die Luftpflanze gen\u00fcgend indirektes Sonnenlicht und frische Luft bekommt.<\/p>\n<p><strong>Achtung:<\/strong> Jede Luftpflanze ist einzigartig, daher kann die bestellte Pflanze leicht von der Luftpflanze auf dem Foto abweichen.<\/p>","protected":false},"excerpt":{"rendered":"<p>Diese besondere Luftpflanze hat eine besondere Art zu wachsen. Dies f\u00fchrt dazu, dass sich die unteren Bl\u00e4tter einrollen. Seine Form erm\u00f6glicht es ihm oft, aufrecht zu stehen.<\/p>","protected":false},"featured_media":16000,"comment_status":"open","ping_status":"closed","template":"","meta":{"_acf_changed":false,"rs_blank_template":"","rs_page_bg_color":"","slide_template_v7":""},"product_brand":[],"product_cat":[154,168],"product_tag":[],"class_list":{"0":"post-15999","1":"product","2":"type-product","3":"status-publish","4":"has-post-thumbnail","6":"product_cat-airplants","7":"product_cat-sale","9":"first","10":"instock","11":"sale","12":"taxable","13":"shipping-taxable","14":"purchasable","15":"product-type-simple","16":"add-to-wishlist-after_add_to_cart"},"acf":[],"_links":{"self":[{"href":"https:\/\/airplantshop.nl\/de\/wp-json\/wp\/v2\/product\/15999","targetHints":{"allow":["GET"]}}],"collection":[{"href":"https:\/\/airplantshop.nl\/de\/wp-json\/wp\/v2\/product"}],"about":[{"href":"https:\/\/airplantshop.nl\/de\/wp-json\/wp\/v2\/types\/product"}],"replies":[{"embeddable":true,"href":"https:\/\/airplantshop.nl\/de\/wp-json\/wp\/v2\/comments?post=15999"}],"wp:featuredmedia":[{"embeddable":true,"href":"https:\/\/airplantshop.nl\/de\/wp-json\/wp\/v2\/media\/16000"}],"wp:attachment":[{"href":"https:\/\/airplantshop.nl\/de\/wp-json\/wp\/v2\/media?parent=15999"}],"wp:term":[{"taxonomy":"product_brand","embeddable":true,"href":"https:\/\/airplantshop.nl\/de\/wp-json\/wp\/v2\/product_brand?post=15999"},{"taxonomy":"product_cat","embeddable":true,"href":"https:\/\/airplantshop.nl\/de\/wp-json\/wp\/v2\/product_cat?post=15999"},{"taxonomy":"product_tag","embeddable":true,"href":"https:\/\/airplantshop.nl\/de\/wp-json\/wp\/v2\/product_tag?post=15999"}],"curies":[{"name":"wp","href":"https:\/\/api.w.org\/{rel}","templated":true}]}}