{"id":16001,"date":"2024-08-21T13:19:18","date_gmt":"2024-08-21T11:19:18","guid":{"rendered":"https:\/\/airplantshop.nl\/?post_type=product&#038;p=16001"},"modified":"2026-04-10T20:48:47","modified_gmt":"2026-04-10T18:48:47","slug":"tillandsia-bergeri","status":"publish","type":"product","link":"https:\/\/airplantshop.nl\/de\/product\/tillandsia-bergeri\/","title":{"rendered":"Tillandsia Bergeri"},"content":{"rendered":"<p>Charakteristisch f\u00fcr diese Luftpflanze sind ihre robusten grauen Bl\u00e4tter und ihre etwas krumme Form. Die Tillandsia Bergeri w\u00e4chst etwas schneller als andere Luftpflanzen und bildet das ganze Jahr \u00fcber neue Ableger. Aus diesem Grund sieht man bei dieser Tillandsia-Art auch h\u00e4ufig B\u00fcschel\/Klumpen.<\/p>\n<p><strong>Ma\u00dfe:<\/strong> Etwa 15 Zentimeter lang<\/p>\n<p><strong>Pflege:<\/strong> Bespr\u00fchen Sie die Luftpflanze ein- bis zweimal pro Woche mit Regenwasser oder unserem N\u00e4hrstoffspray. Stellen Sie sicher, dass die Luftpflanze gen\u00fcgend indirektes Sonnenlicht und frische Luft bekommt.<\/p>\n<p><strong>Herkunft:<\/strong> Argentinien<\/p>\n<p><strong>Achtung:<\/strong> Jede Luftpflanze ist einzigartig, daher kann die bestellte Pflanze leicht von der Luftpflanze auf dem Foto abweichen.<\/p>","protected":false},"excerpt":{"rendered":"<p>Charakteristisch f\u00fcr diese Luftpflanze sind ihre robusten grauen Bl\u00e4tter und ihre etwas krumme Form. Die Tillandsia Bergeri w\u00e4chst etwas schneller als andere Luftpflanzen und bildet das ganze Jahr \u00fcber neue Ableger. Aus diesem Grund sieht man bei dieser Tillandsia-Art auch h\u00e4ufig B\u00fcschel\/Klumpen.<\/p>","protected":false},"featured_media":16002,"comment_status":"open","ping_status":"closed","template":"","meta":{"_acf_changed":false,"rs_blank_template":"","rs_page_bg_color":"","slide_template_v7":""},"product_brand":[],"product_cat":[154,188],"product_tag":[],"class_list":{"0":"post-16001","1":"product","2":"type-product","3":"status-publish","4":"has-post-thumbnail","6":"product_cat-airplants","7":"product_cat-favorieten","9":"first","10":"instock","11":"taxable","12":"shipping-taxable","13":"purchasable","14":"product-type-simple","15":"add-to-wishlist-after_add_to_cart"},"acf":[],"_links":{"self":[{"href":"https:\/\/airplantshop.nl\/de\/wp-json\/wp\/v2\/product\/16001","targetHints":{"allow":["GET"]}}],"collection":[{"href":"https:\/\/airplantshop.nl\/de\/wp-json\/wp\/v2\/product"}],"about":[{"href":"https:\/\/airplantshop.nl\/de\/wp-json\/wp\/v2\/types\/product"}],"replies":[{"embeddable":true,"href":"https:\/\/airplantshop.nl\/de\/wp-json\/wp\/v2\/comments?post=16001"}],"wp:featuredmedia":[{"embeddable":true,"href":"https:\/\/airplantshop.nl\/de\/wp-json\/wp\/v2\/media\/16002"}],"wp:attachment":[{"href":"https:\/\/airplantshop.nl\/de\/wp-json\/wp\/v2\/media?parent=16001"}],"wp:term":[{"taxonomy":"product_brand","embeddable":true,"href":"https:\/\/airplantshop.nl\/de\/wp-json\/wp\/v2\/product_brand?post=16001"},{"taxonomy":"product_cat","embeddable":true,"href":"https:\/\/airplantshop.nl\/de\/wp-json\/wp\/v2\/product_cat?post=16001"},{"taxonomy":"product_tag","embeddable":true,"href":"https:\/\/airplantshop.nl\/de\/wp-json\/wp\/v2\/product_tag?post=16001"}],"curies":[{"name":"wp","href":"https:\/\/api.w.org\/{rel}","templated":true}]}}