{"id":36407,"date":"2025-01-22T12:48:33","date_gmt":"2025-01-22T11:48:33","guid":{"rendered":"https:\/\/airplantshop.nl\/?post_type=product&#038;p=36407"},"modified":"2026-03-09T07:48:01","modified_gmt":"2026-03-09T06:48:01","slug":"trendy-vaasje-groen-met-airplant","status":"publish","type":"product","link":"https:\/\/airplantshop.nl\/de\/product\/trendy-vaasje-groen-met-airplant\/","title":{"rendered":"Trendy Vase Gr\u00fcn mit Luftpflanze"},"content":{"rendered":"<p>Dit trendy vaasje is beschikbaar in 3 verschillende kleuren; paars, groen en rood. Leuk om met elkaar te combineren of los te kopen. In dit vaasje leveren wij een Tillandsia Ionantha ionantha.<\/p>\n<p class=\"p1\"><b>Ma\u00dfe: <\/b>8 Zentimeter hoch und ein Durchmesser von 5 Zentimetern<\/p>\n<p class=\"p1\"><b>Pflege: <\/b>Bespr\u00fchen Sie die Luftpflanze ein- bis zweimal pro Woche mit Regenwasser oder unserem N\u00e4hrstoffspray. Stellen Sie sicher, dass die Luftpflanze gen\u00fcgend indirektes Sonnenlicht und frische Luft bekommt.<\/p>\n<p class=\"p1\"><b>Achtung:<\/b> Jede Luftpflanze ist einzigartig, daher kann die bestellte Pflanze leicht von der Luftpflanze auf dem Foto abweichen.<\/p>","protected":false},"excerpt":{"rendered":"<p>Dit trendy vaasje is beschikbaar in 3 verschillende kleuren; paars, groen en rood. Leuk om met elkaar te combineren of los te kopen. In dit vaasje leveren wij een Tillandsia Ionantha ionantha.<\/p>","protected":false},"featured_media":36404,"comment_status":"open","ping_status":"closed","template":"","meta":{"_acf_changed":false,"rs_blank_template":"","rs_page_bg_color":"","slide_template_v7":""},"product_brand":[],"product_cat":[153,162],"product_tag":[],"class_list":{"0":"post-36407","1":"product","2":"type-product","3":"status-publish","4":"has-post-thumbnail","6":"product_cat-accessoires-2","7":"product_cat-cadeaus","9":"first","10":"instock","11":"taxable","12":"shipping-taxable","13":"purchasable","14":"product-type-simple","15":"add-to-wishlist-after_add_to_cart"},"acf":[],"_links":{"self":[{"href":"https:\/\/airplantshop.nl\/de\/wp-json\/wp\/v2\/product\/36407","targetHints":{"allow":["GET"]}}],"collection":[{"href":"https:\/\/airplantshop.nl\/de\/wp-json\/wp\/v2\/product"}],"about":[{"href":"https:\/\/airplantshop.nl\/de\/wp-json\/wp\/v2\/types\/product"}],"replies":[{"embeddable":true,"href":"https:\/\/airplantshop.nl\/de\/wp-json\/wp\/v2\/comments?post=36407"}],"wp:featuredmedia":[{"embeddable":true,"href":"https:\/\/airplantshop.nl\/de\/wp-json\/wp\/v2\/media\/36404"}],"wp:attachment":[{"href":"https:\/\/airplantshop.nl\/de\/wp-json\/wp\/v2\/media?parent=36407"}],"wp:term":[{"taxonomy":"product_brand","embeddable":true,"href":"https:\/\/airplantshop.nl\/de\/wp-json\/wp\/v2\/product_brand?post=36407"},{"taxonomy":"product_cat","embeddable":true,"href":"https:\/\/airplantshop.nl\/de\/wp-json\/wp\/v2\/product_cat?post=36407"},{"taxonomy":"product_tag","embeddable":true,"href":"https:\/\/airplantshop.nl\/de\/wp-json\/wp\/v2\/product_tag?post=36407"}],"curies":[{"name":"wp","href":"https:\/\/api.w.org\/{rel}","templated":true}]}}