{"id":36410,"date":"2025-01-22T13:13:51","date_gmt":"2025-01-22T12:13:51","guid":{"rendered":"https:\/\/airplantshop.nl\/?post_type=product&#038;p=36410"},"modified":"2026-04-04T00:11:57","modified_gmt":"2026-04-03T22:11:57","slug":"zwart-metalen-bal-met-airplant","status":"publish","type":"product","link":"https:\/\/airplantshop.nl\/de\/product\/zwart-metalen-bal-met-airplant\/","title":{"rendered":"Zwart Metalen Bal met Airplant"},"content":{"rendered":"<p>Deze toffe accessoire past in elk huis en elke inrichting. Daarnaast ook een mooie toevoeging op kantoor of om weg te geven als cadeau! Het is ook mogelijk om dit product in grote hoeveelheden te bestellen, neem hier voor contact op met info@airplantshop.nl<\/p>\n<p>We hebben deze accessoire beschikbaar in het zwart en goud en leveren de bal met een Tillandsia Capitata of vergelijkbaar luchtplantje<\/p>\n<p class=\"p1\"><b>Ma\u00dfe: <\/b>15 centimeter diameter<\/p>\n<p class=\"p1\"><b>Pflege: <\/b>Bespr\u00fchen Sie die Luftpflanze ein- bis zweimal pro Woche mit Regenwasser oder unserem N\u00e4hrstoffspray. Stellen Sie sicher, dass die Luftpflanze gen\u00fcgend indirektes Sonnenlicht und frische Luft bekommt.<\/p>\n<p class=\"p1\"><b>Achtung:<\/b> Jede Luftpflanze ist einzigartig, daher kann die bestellte Pflanze leicht von der Luftpflanze auf dem Foto abweichen.<\/p>","protected":false},"excerpt":{"rendered":"<p>Dieses coole Accessoire passt in jedes Zuhause und Interieur. Auch eine nette Erg\u00e4nzung f\u00fcrs B\u00fcro oder zum Verschenken!<\/p>","protected":false},"featured_media":36411,"comment_status":"open","ping_status":"closed","template":"","meta":{"_acf_changed":false,"rs_blank_template":"","rs_page_bg_color":"","slide_template_v7":""},"product_brand":[],"product_cat":[153,162],"product_tag":[],"class_list":{"0":"post-36410","1":"product","2":"type-product","3":"status-publish","4":"has-post-thumbnail","6":"product_cat-accessoires-2","7":"product_cat-cadeaus","9":"first","10":"instock","11":"taxable","12":"shipping-taxable","13":"purchasable","14":"product-type-simple","15":"add-to-wishlist-after_add_to_cart"},"acf":[],"_links":{"self":[{"href":"https:\/\/airplantshop.nl\/de\/wp-json\/wp\/v2\/product\/36410","targetHints":{"allow":["GET"]}}],"collection":[{"href":"https:\/\/airplantshop.nl\/de\/wp-json\/wp\/v2\/product"}],"about":[{"href":"https:\/\/airplantshop.nl\/de\/wp-json\/wp\/v2\/types\/product"}],"replies":[{"embeddable":true,"href":"https:\/\/airplantshop.nl\/de\/wp-json\/wp\/v2\/comments?post=36410"}],"wp:featuredmedia":[{"embeddable":true,"href":"https:\/\/airplantshop.nl\/de\/wp-json\/wp\/v2\/media\/36411"}],"wp:attachment":[{"href":"https:\/\/airplantshop.nl\/de\/wp-json\/wp\/v2\/media?parent=36410"}],"wp:term":[{"taxonomy":"product_brand","embeddable":true,"href":"https:\/\/airplantshop.nl\/de\/wp-json\/wp\/v2\/product_brand?post=36410"},{"taxonomy":"product_cat","embeddable":true,"href":"https:\/\/airplantshop.nl\/de\/wp-json\/wp\/v2\/product_cat?post=36410"},{"taxonomy":"product_tag","embeddable":true,"href":"https:\/\/airplantshop.nl\/de\/wp-json\/wp\/v2\/product_tag?post=36410"}],"curies":[{"name":"wp","href":"https:\/\/api.w.org\/{rel}","templated":true}]}}