{"id":36412,"date":"2025-01-22T13:15:11","date_gmt":"2025-01-22T12:15:11","guid":{"rendered":"https:\/\/airplantshop.nl\/?post_type=product&#038;p=36412"},"modified":"2026-04-08T15:09:59","modified_gmt":"2026-04-08T13:09:59","slug":"goud-metalen-bal-met-airplant","status":"publish","type":"product","link":"https:\/\/airplantshop.nl\/de\/product\/goud-metalen-bal-met-airplant\/","title":{"rendered":"Goud Metalen Bal met Airplant"},"content":{"rendered":"<p>Deze toffe accessoire past in elk huis en elke inrichting. Daarnaast ook een mooie toevoeging op kantoor of om weg te geven als cadeau! Het is ook mogelijk om dit product in grote hoeveelheden te bestellen, neem hier voor contact op met info@airplantshop.nl<\/p>\n<p>Dieses Accessoire haben wir in Schwarz und Gold im Angebot und liefern die Kugel mit einer Tillandsia Capitata oder einer \u00e4hnlichen Luftpflanze.<\/p>\n<p class=\"p1\"><b>Ma\u00dfe: <\/b>15 centimeter diameter<\/p>\n<p class=\"p1\"><b>Pflege: <\/b>Bespr\u00fchen Sie die Luftpflanze ein- bis zweimal pro Woche mit Regenwasser oder unserem N\u00e4hrstoffspray. Stellen Sie sicher, dass die Luftpflanze gen\u00fcgend indirektes Sonnenlicht und frische Luft bekommt.<\/p>\n<p class=\"p1\"><b>Achtung:<\/b> Jede Luftpflanze ist einzigartig, daher kann die bestellte Pflanze leicht von der Luftpflanze auf dem Foto abweichen.<\/p>","protected":false},"excerpt":{"rendered":"<p>Dieses coole Accessoire passt in jedes Zuhause und Interieur. Auch eine nette Erg\u00e4nzung f\u00fcrs B\u00fcro oder zum Verschenken!<\/p>","protected":false},"featured_media":36413,"comment_status":"open","ping_status":"closed","template":"","meta":{"_acf_changed":false,"rs_blank_template":"","rs_page_bg_color":"","slide_template_v7":""},"product_brand":[],"product_cat":[153,187,162],"product_tag":[],"class_list":{"0":"post-36412","1":"product","2":"type-product","3":"status-publish","4":"has-post-thumbnail","6":"product_cat-accessoires-2","7":"product_cat-airplant-cadeau","8":"product_cat-cadeaus","10":"first","11":"instock","12":"taxable","13":"shipping-taxable","14":"purchasable","15":"product-type-simple","16":"add-to-wishlist-after_add_to_cart"},"acf":[],"_links":{"self":[{"href":"https:\/\/airplantshop.nl\/de\/wp-json\/wp\/v2\/product\/36412","targetHints":{"allow":["GET"]}}],"collection":[{"href":"https:\/\/airplantshop.nl\/de\/wp-json\/wp\/v2\/product"}],"about":[{"href":"https:\/\/airplantshop.nl\/de\/wp-json\/wp\/v2\/types\/product"}],"replies":[{"embeddable":true,"href":"https:\/\/airplantshop.nl\/de\/wp-json\/wp\/v2\/comments?post=36412"}],"wp:featuredmedia":[{"embeddable":true,"href":"https:\/\/airplantshop.nl\/de\/wp-json\/wp\/v2\/media\/36413"}],"wp:attachment":[{"href":"https:\/\/airplantshop.nl\/de\/wp-json\/wp\/v2\/media?parent=36412"}],"wp:term":[{"taxonomy":"product_brand","embeddable":true,"href":"https:\/\/airplantshop.nl\/de\/wp-json\/wp\/v2\/product_brand?post=36412"},{"taxonomy":"product_cat","embeddable":true,"href":"https:\/\/airplantshop.nl\/de\/wp-json\/wp\/v2\/product_cat?post=36412"},{"taxonomy":"product_tag","embeddable":true,"href":"https:\/\/airplantshop.nl\/de\/wp-json\/wp\/v2\/product_tag?post=36412"}],"curies":[{"name":"wp","href":"https:\/\/api.w.org\/{rel}","templated":true}]}}