{"id":36579,"date":"2025-03-13T12:31:16","date_gmt":"2025-03-13T11:31:16","guid":{"rendered":"https:\/\/airplantshop.nl\/?post_type=product&#038;p=36579"},"modified":"2026-03-09T07:30:20","modified_gmt":"2026-03-09T06:30:20","slug":"lichtgroene-carambola-met-airplant","status":"publish","type":"product","link":"https:\/\/airplantshop.nl\/de\/product\/lichtgroene-carambola-met-airplant\/","title":{"rendered":"Lichtgroene Carambola met Airplant"},"content":{"rendered":"<p>Die Sternfruchtvase ist das perfekte Accessoire f\u00fcr Ihr Zuhause oder B\u00fcro. Wir bef\u00fcllen die Vase mit einer passenden Tillandsie. Es handelt sich um eine robuste Keramikvase in einem sch\u00f6nen Hellgr\u00fcn. Sie ist auch ein wunderbares Geschenk zum Geburtstag oder anderen besonderen Anl\u00e4ssen.<\/p>\n<p><strong>Afmetingen<\/strong>: We hebben de Carambola beschikbaar in 2 formaten: Klein (7cm) en Groot (11cm)<\/p>\n<p><strong>Pflege:<\/strong>:\u00a0Spray het luchtplantje \u00e9\u00e9n \u00e0 twee keer per week in met regenwater of onze voedingsspray. Zorg dat het luchtplantje genoeg indirect zonlicht krijgt en frisse lucht.<\/p>\n<p><strong>Let op<\/strong>:\u00a0Ieder luchtplantje is uniek, waardoor het bestelde plantje iets kan afwijken van het luchtplantje op de foto.<\/p>","protected":false},"excerpt":{"rendered":"<p>Die Sternfruchtvase ist das perfekte Accessoire f\u00fcr Ihr Zuhause oder B\u00fcro. Wir bef\u00fcllen die Vase mit einer passenden Tillandsie. Es handelt sich um eine robuste Keramikvase in einem sch\u00f6nen Hellgr\u00fcn.<\/p>","protected":false},"featured_media":36572,"comment_status":"open","ping_status":"closed","template":"","meta":{"_acf_changed":false,"rs_blank_template":"","rs_page_bg_color":"","slide_template_v7":""},"product_brand":[],"product_cat":[153,162,181],"product_tag":[182],"class_list":{"0":"post-36579","1":"product","2":"type-product","3":"status-publish","4":"has-post-thumbnail","6":"product_cat-accessoires-2","7":"product_cat-cadeaus","8":"product_cat-gezien-op-tv","9":"product_tag-tv","11":"first","12":"outofstock","13":"taxable","14":"shipping-taxable","15":"purchasable","16":"product-type-variable","17":"add-to-wishlist-after_add_to_cart"},"acf":[],"_links":{"self":[{"href":"https:\/\/airplantshop.nl\/de\/wp-json\/wp\/v2\/product\/36579","targetHints":{"allow":["GET"]}}],"collection":[{"href":"https:\/\/airplantshop.nl\/de\/wp-json\/wp\/v2\/product"}],"about":[{"href":"https:\/\/airplantshop.nl\/de\/wp-json\/wp\/v2\/types\/product"}],"replies":[{"embeddable":true,"href":"https:\/\/airplantshop.nl\/de\/wp-json\/wp\/v2\/comments?post=36579"}],"wp:featuredmedia":[{"embeddable":true,"href":"https:\/\/airplantshop.nl\/de\/wp-json\/wp\/v2\/media\/36572"}],"wp:attachment":[{"href":"https:\/\/airplantshop.nl\/de\/wp-json\/wp\/v2\/media?parent=36579"}],"wp:term":[{"taxonomy":"product_brand","embeddable":true,"href":"https:\/\/airplantshop.nl\/de\/wp-json\/wp\/v2\/product_brand?post=36579"},{"taxonomy":"product_cat","embeddable":true,"href":"https:\/\/airplantshop.nl\/de\/wp-json\/wp\/v2\/product_cat?post=36579"},{"taxonomy":"product_tag","embeddable":true,"href":"https:\/\/airplantshop.nl\/de\/wp-json\/wp\/v2\/product_tag?post=36579"}],"curies":[{"name":"wp","href":"https:\/\/api.w.org\/{rel}","templated":true}]}}