{"id":36582,"date":"2025-03-13T12:34:56","date_gmt":"2025-03-13T11:34:56","guid":{"rendered":"https:\/\/airplantshop.nl\/?post_type=product&#038;p=36582"},"modified":"2026-03-24T12:49:02","modified_gmt":"2026-03-24T11:49:02","slug":"roze-carambola-met-airplant","status":"publish","type":"product","link":"https:\/\/airplantshop.nl\/de\/product\/roze-carambola-met-airplant\/","title":{"rendered":"Roze Carambola met Airplant"},"content":{"rendered":"<p>De Carambola is de perfecte accessoire voor in huis of op je bureau. We vullen het vaasje met een bijpassende luchtplantje. Het is een stevig vaasje van keramiek in een mooie roze kleur. Ook leuk om cadeau te geven met bijvoorbeeld een verjaardag of andere speciale gelegenheid.<\/p>\n<p><strong>Afmetingen<\/strong>: We hebben de Carambola beschikbaar in 2 formaten: Klein (7cm) en Groot (11cm)<\/p>\n<p><strong>Pflege:<\/strong>:\u00a0Spray het luchtplantje \u00e9\u00e9n \u00e0 twee keer per week in met regenwater of onze voedingsspray. Zorg dat het luchtplantje genoeg indirect zonlicht krijgt en frisse lucht.<\/p>\n<p><strong>Let op<\/strong>:\u00a0Ieder luchtplantje is uniek, waardoor het bestelde plantje iets kan afwijken van het luchtplantje op de foto.<\/p>","protected":false},"excerpt":{"rendered":"<p>De Carambola is de perfecte accessoire voor in huis of op je bureau. We vullen het vaasje met een bijpassende luchtplantje. Het is een stevig vaasje van keramiek in een mooie roze kleur.<\/p>","protected":false},"featured_media":36557,"comment_status":"open","ping_status":"closed","template":"","meta":{"_acf_changed":false,"rs_blank_template":"","rs_page_bg_color":"","slide_template_v7":""},"product_brand":[],"product_cat":[153,189,162,181],"product_tag":[],"class_list":{"0":"post-36582","1":"product","2":"type-product","3":"status-publish","4":"has-post-thumbnail","6":"product_cat-accessoires-2","7":"product_cat-bekend-van-tv","8":"product_cat-cadeaus","9":"product_cat-gezien-op-tv","11":"first","12":"instock","13":"taxable","14":"shipping-taxable","15":"purchasable","16":"product-type-variable","17":"add-to-wishlist-after_add_to_cart"},"acf":[],"_links":{"self":[{"href":"https:\/\/airplantshop.nl\/de\/wp-json\/wp\/v2\/product\/36582","targetHints":{"allow":["GET"]}}],"collection":[{"href":"https:\/\/airplantshop.nl\/de\/wp-json\/wp\/v2\/product"}],"about":[{"href":"https:\/\/airplantshop.nl\/de\/wp-json\/wp\/v2\/types\/product"}],"replies":[{"embeddable":true,"href":"https:\/\/airplantshop.nl\/de\/wp-json\/wp\/v2\/comments?post=36582"}],"wp:featuredmedia":[{"embeddable":true,"href":"https:\/\/airplantshop.nl\/de\/wp-json\/wp\/v2\/media\/36557"}],"wp:attachment":[{"href":"https:\/\/airplantshop.nl\/de\/wp-json\/wp\/v2\/media?parent=36582"}],"wp:term":[{"taxonomy":"product_brand","embeddable":true,"href":"https:\/\/airplantshop.nl\/de\/wp-json\/wp\/v2\/product_brand?post=36582"},{"taxonomy":"product_cat","embeddable":true,"href":"https:\/\/airplantshop.nl\/de\/wp-json\/wp\/v2\/product_cat?post=36582"},{"taxonomy":"product_tag","embeddable":true,"href":"https:\/\/airplantshop.nl\/de\/wp-json\/wp\/v2\/product_tag?post=36582"}],"curies":[{"name":"wp","href":"https:\/\/api.w.org\/{rel}","templated":true}]}}