{"id":37222,"date":"2026-01-27T21:43:45","date_gmt":"2026-01-27T20:43:45","guid":{"rendered":"https:\/\/airplantshop.nl\/?post_type=product&#038;p=37222"},"modified":"2026-04-12T10:53:07","modified_gmt":"2026-04-12T08:53:07","slug":"tillandsia-houston-xxl","status":"publish","type":"product","link":"https:\/\/airplantshop.nl\/de\/product\/tillandsia-houston-xxl\/","title":{"rendered":"Tillandsia houston"},"content":{"rendered":"<p>Dit is wel een favoriet van ons! Een gave airplant die mooi wijd uitloopt. De Tillandsia houston lijkt heel erg veel op de Tillandsia cotton candy.<\/p>\n<p>Deze luchtplant heeft een hele mooie vorm en staat bijvoorbeeld erg leuk in een potje. Of gewoon los op een dienblad tussen de kaarsen.<\/p>\n<p>Afmeting:\u00a0ongv. 15\u00a0cm<\/p>\n<p>De Tillandsia Houston krijg een hele mooie fel roze bloemknop waar kleine witte bloemetjes uitkomen. Zodra de bloem uitgebloeid is, kan het zijn dat de moederplant doodgaat, dit gebeurd niet altijd, als je geluk hebt produceert ze wel een &#8216;pup&#8217;. Een pup is een stekkie die aan de zijkant van de plant eruit komt groeien. Als deze 1\/3 van de moederplant is dan kun je de pup voorzichtig eraf draaien. Natuurlijk kan je de pup(s) ook laten zitten en dan krijg je vanzelf een cluster.<\/p>\n<p class=\"p1\"><b>Pflege: <\/b>Bespr\u00fchen Sie die Luftpflanze ein- bis zweimal pro Woche mit Regenwasser oder unserem N\u00e4hrstoffspray. Stellen Sie sicher, dass die Luftpflanze gen\u00fcgend indirektes Sonnenlicht und frische Luft bekommt.<\/p>\n<p class=\"p1\"><b>Achtung:<\/b> Jede Luftpflanze ist einzigartig, daher kann die bestellte Pflanze leicht von der Luftpflanze auf dem Foto abweichen.<\/p>","protected":false},"excerpt":{"rendered":"<p>Dit is \u00e9\u00e9n van de meest unieke luchtplantjes uit ons assortiment. En ook echt \u00e9\u00e9n van onze favorieten. Tillandsia houston.<\/p>","protected":false},"featured_media":37851,"comment_status":"open","ping_status":"closed","template":"","meta":{"_acf_changed":false,"rs_blank_template":"","rs_page_bg_color":"","slide_template_v7":""},"product_brand":[],"product_cat":[154,157],"product_tag":[],"class_list":{"0":"post-37222","1":"product","2":"type-product","3":"status-publish","4":"has-post-thumbnail","6":"product_cat-airplants","7":"product_cat-hybrids-unieke-soorten","9":"first","10":"outofstock","11":"taxable","12":"shipping-taxable","13":"purchasable","14":"product-type-variable","15":"add-to-wishlist-after_add_to_cart"},"acf":[],"_links":{"self":[{"href":"https:\/\/airplantshop.nl\/de\/wp-json\/wp\/v2\/product\/37222","targetHints":{"allow":["GET"]}}],"collection":[{"href":"https:\/\/airplantshop.nl\/de\/wp-json\/wp\/v2\/product"}],"about":[{"href":"https:\/\/airplantshop.nl\/de\/wp-json\/wp\/v2\/types\/product"}],"replies":[{"embeddable":true,"href":"https:\/\/airplantshop.nl\/de\/wp-json\/wp\/v2\/comments?post=37222"}],"wp:featuredmedia":[{"embeddable":true,"href":"https:\/\/airplantshop.nl\/de\/wp-json\/wp\/v2\/media\/37851"}],"wp:attachment":[{"href":"https:\/\/airplantshop.nl\/de\/wp-json\/wp\/v2\/media?parent=37222"}],"wp:term":[{"taxonomy":"product_brand","embeddable":true,"href":"https:\/\/airplantshop.nl\/de\/wp-json\/wp\/v2\/product_brand?post=37222"},{"taxonomy":"product_cat","embeddable":true,"href":"https:\/\/airplantshop.nl\/de\/wp-json\/wp\/v2\/product_cat?post=37222"},{"taxonomy":"product_tag","embeddable":true,"href":"https:\/\/airplantshop.nl\/de\/wp-json\/wp\/v2\/product_tag?post=37222"}],"curies":[{"name":"wp","href":"https:\/\/api.w.org\/{rel}","templated":true}]}}