{"id":37267,"date":"2026-01-29T15:49:22","date_gmt":"2026-01-29T14:49:22","guid":{"rendered":"https:\/\/airplantshop.nl\/?post_type=product&#038;p=37267"},"modified":"2026-03-09T22:52:33","modified_gmt":"2026-03-09T21:52:33","slug":"tillandsia-chiapensis-met-bloem-xxl","status":"publish","type":"product","link":"https:\/\/airplantshop.nl\/de\/product\/tillandsia-chiapensis-met-bloem-xxl\/","title":{"rendered":"Tillandsia Chiapensis met bloem XXL"},"content":{"rendered":"<p>Dit is echt een unieke plant. De Tillandsia Chiapensis heeft lange grijze bladeren en voelen fluweel zacht maar toch ook een tikkeltje ruw aan.<\/p>\n<p>Zet de Tillandsia Chiapensis op een goede lichte plek in huis en besproei de Tillandsia\u00a0regelmatig (1 a 2x per week) met regenwater of kalkarm kraanwater. Besproei alleen de bovenkant van de bladeren.<\/p>\n<p>De Tillandsia Chiapensia krijgt, als hij in bloei komt, een roze bloemknop. Uit deze roze bloemknop komen kleine paarse bloemetjes.<\/p>\n<p class=\"p1\"><b>Ma\u00dfe: <\/b>ongv 25\/30 cm<\/p>\n<p class=\"p1\"><b>Pflege: <\/b>Spray het luchtplantje \u00e9\u00e9n \u00e0 twee keer per week in met regenwater of onze voedingsspray. Zorg dat het luchtplantje genoeg indirect zonlicht krijgt en frisse lucht. (let op, er mag geen water tussen de bladeren blijven zitten)<\/p>\n<p class=\"p1\"><b>Achtung:<\/b> Jede Luftpflanze ist einzigartig, daher kann die bestellte Pflanze leicht von der Luftpflanze auf dem Foto abweichen.<\/p>","protected":false},"excerpt":{"rendered":"<p>De Tillandsia Chiapensis heeft lange grijze bladeren en voelen fluweel zacht maar toch ook een tikkeltje ruw aan.<\/p>","protected":false},"featured_media":37840,"comment_status":"open","ping_status":"closed","template":"","meta":{"_acf_changed":false,"rs_blank_template":"","rs_page_bg_color":"","slide_template_v7":""},"product_brand":[],"product_cat":[154,157],"product_tag":[],"class_list":{"0":"post-37267","1":"product","2":"type-product","3":"status-publish","4":"has-post-thumbnail","6":"product_cat-airplants","7":"product_cat-hybrids-unieke-soorten","9":"first","10":"instock","11":"taxable","12":"shipping-taxable","13":"purchasable","14":"product-type-simple","15":"add-to-wishlist-after_add_to_cart"},"acf":[],"_links":{"self":[{"href":"https:\/\/airplantshop.nl\/de\/wp-json\/wp\/v2\/product\/37267","targetHints":{"allow":["GET"]}}],"collection":[{"href":"https:\/\/airplantshop.nl\/de\/wp-json\/wp\/v2\/product"}],"about":[{"href":"https:\/\/airplantshop.nl\/de\/wp-json\/wp\/v2\/types\/product"}],"replies":[{"embeddable":true,"href":"https:\/\/airplantshop.nl\/de\/wp-json\/wp\/v2\/comments?post=37267"}],"wp:featuredmedia":[{"embeddable":true,"href":"https:\/\/airplantshop.nl\/de\/wp-json\/wp\/v2\/media\/37840"}],"wp:attachment":[{"href":"https:\/\/airplantshop.nl\/de\/wp-json\/wp\/v2\/media?parent=37267"}],"wp:term":[{"taxonomy":"product_brand","embeddable":true,"href":"https:\/\/airplantshop.nl\/de\/wp-json\/wp\/v2\/product_brand?post=37267"},{"taxonomy":"product_cat","embeddable":true,"href":"https:\/\/airplantshop.nl\/de\/wp-json\/wp\/v2\/product_cat?post=37267"},{"taxonomy":"product_tag","embeddable":true,"href":"https:\/\/airplantshop.nl\/de\/wp-json\/wp\/v2\/product_tag?post=37267"}],"curies":[{"name":"wp","href":"https:\/\/api.w.org\/{rel}","templated":true}]}}